{"id":1521,"date":"2017-11-07T21:24:36","date_gmt":"2017-11-07T21:24:36","guid":{"rendered":"http:\/\/smartbit.evatheme.com\/demo\/?page_id=9"},"modified":"2022-10-06T10:47:24","modified_gmt":"2022-10-06T10:47:24","slug":"home","status":"publish","type":"page","link":"http:\/\/pku.com.pl\/","title":{"rendered":"G\u0142\u00f3wna"},"content":{"rendered":"<p>[vc_row full_width=&#8221;stretch_row_content_no_spaces&#8221;][vc_column][vc_single_image image=&#8221;1743&#8243; img_size=&#8221;full&#8221; alignment=&#8221;center&#8221;][\/vc_column][\/vc_row][vc_row full_width=&#8221;stretch_row&#8221; bg_type=&#8221;bg_color&#8221; bg_override=&#8221;full&#8221; css=&#8221;.vc_custom_1537828667016{margin-top: 0px !important;margin-bottom: 0px !important;padding-top: 0px !important;padding-bottom: 40px !important;}&#8221; bg_color_value=&#8221;#212e4e&#8221;][vc_column]<div id=\"ultimate-heading-39969f5eef224a73\" class=\"uvc-heading ult-adjust-bottom-margin ultimate-heading-39969f5eef224a73 uvc-5424 \" data-hspacer=\"line_only\"  data-halign=\"left\" style=\"text-align:left\"><div class=\"uvc-main-heading ult-responsive\"  data-ultimate-target='.uvc-heading.ultimate-heading-39969f5eef224a73 h2'  data-responsive-json-new='{\"font-size\":\"desktop:40px;\",\"line-height\":\"desktop:52px;\"}' ><h2 style=\"font-family:&#039;Cabin&#039;;font-weight:600;color:#ffffff;margin-top:20px;\">Kim jeste\u015bmy?<\/h2><\/div><div class=\"uvc-heading-spacer line_only\" style=\"topheight:10px;\"><span class=\"uvc-headings-line\" style=\"border-style:solid;border-bottom-width:10px;border-color:#54a4f6;width:60px;\"><\/span><\/div><\/div>[\/vc_column][\/vc_row][vc_row css=&#8221;.vc_custom_1518473967271{margin-top: 0px !important;margin-bottom: 0px !important;padding-top: 80px !important;padding-bottom: 80px !important;}&#8221;][vc_column css_animation=&#8221;fadeInRight&#8221;][vc_column_text css=&#8221;.vc_custom_1538221059442{margin-top: 0px !important;padding-top: 0px !important;}&#8221;]<strong>Polska Korporacja Ubezpiecze\u0144 Sp. z o.o.<\/strong> obs\u0142uguje programy ubezpieczeniowe przeznaczone dla klient\u00f3w salon\u00f3w samochodowych.<br \/>\nNasz\u0105 domen\u0105 jest profesjonalne doradztwo w\u00a0zakresie ubezpiecze\u0144 poparte blisko dwudziestoletnim do\u015bwiadczeniem zespo\u0142u sprzedawc\u00f3w.<\/p>\n<p>Jeste\u015bmy cz\u0119\u015bci\u0105 Grupy MAK, nale\u017c\u0105cej do czo\u0142\u00f3wki polskiego rynku ubezpieczeniowego.[\/vc_column_text][\/vc_column][\/vc_row][vc_row bg_type=&#8221;image&#8221; parallax_style=&#8221;vcpb-vz-jquery&#8221; bg_image_new=&#8221;id^552|url^http:\/\/pku.com.pl\/wp-content\/uploads\/2018\/02\/slider-bg10.jpg|caption^null|alt^null|title^slider-bg10|description^null&#8221; bg_image_repeat=&#8221;no-repeat&#8221; bg_img_attach=&#8221;fixed&#8221; parallax_sense=&#8221;0&#8243; bg_override=&#8221;full&#8221; css=&#8221;.vc_custom_1518476900734{margin-top: 0px !important;margin-bottom: 0px !important;padding-top: 80px !important;padding-bottom: 80px !important;}&#8221;][vc_column]<div id=\"ultimate-heading-88069f5eef224ce1\" class=\"uvc-heading ult-adjust-bottom-margin ultimate-heading-88069f5eef224ce1 uvc-3455 \" data-hspacer=\"icon_only\"  data-halign=\"center\" style=\"text-align:center\"><div class=\"uvc-heading-spacer icon_only\" style=\"margin-bottom:30px;\"><div class=\"ult-just-icon-wrapper  \"><div class=\"align-icon\" style=\"text-align:center;\">\n<div class=\"aio-icon none \"  style=\"color:#ffffff;font-size:72px;display:inline-block;\">\n\t<i class=\"Defaults-suitcase\"><\/i>\n<\/div><\/div><\/div><\/div><div class=\"uvc-main-heading ult-responsive\"  data-ultimate-target='.uvc-heading.ultimate-heading-88069f5eef224ce1 h2'  data-responsive-json-new='{\"font-size\":\"desktop:40px;\",\"line-height\":\"desktop:60px;\"}' ><h2 style=\"font-family:&#039;Cabin&#039;;font-weight:600;color:#ffffff;\">Co oferujemy?<\/h2><\/div><\/div>[\/vc_column][\/vc_row][vc_row css=&#8221;.vc_custom_1518473967271{margin-top: 0px !important;margin-bottom: 0px !important;padding-top: 80px !important;padding-bottom: 80px !important;}&#8221;][vc_column][vc_column_text css_animation=&#8221;none&#8221; css=&#8221;.vc_custom_1539081331506{margin-top: 0px !important;padding-top: 0px !important;}&#8221;]Specjalizujemy si\u0119 w szeroko poj\u0119tych ubezpieczeniach komunikacyjnych skierowanych do firm oraz do klienta indywidualnego.<\/p>\n<p>We wsp\u00f3\u0142pracy z salonami samochodowymi i partnerami stworzyli\u015bmy na terenie ca\u0142ego kraju sie\u0107 przedstawicieli oferuj\u0105cych pe\u0142en wachlarz ubezpiecze\u0144.<\/p>\n<p>Opr\u00f3cz polis komunikacyjnych oferujemy r\u00f3wnie\u017c pojazdy w zakresie <em>rent-a-car<\/em>, CFM (car fleet management), pojazdy z zakresu refinansowania oraz pojazdy wystawowe.\u00a0Nasz\u0105 ofert\u0119 uzupe\u0142niaj\u0105 ubezpieczenia maj\u0105tkowe, odpowiedzialno\u015bci cywilnej, wypadkowe,\u00a0chorobowe, turystyczne, kompleksowe ubezpieczenia dla firm, ubezpieczenia ochrony prawnej oraz ubezpieczenia od utraty warto\u015bci pojazdu.<\/p>\n<p>Dynamiczny rozw\u00f3j pomaga nam nieprzerwanie wzbogaca\u0107 ofert\u0119 ubezpieczeniow\u0105 zgodnie z indywidualnymi potrzebami klient\u00f3w.<br \/>\nNa przyk\u0142ad: w odpowiedzi na rosn\u0105ce zapotrzebowanie wprowadzamy na polski rynek auta\u00a0i autobusy elektryczne.[\/vc_column_text][\/vc_column][\/vc_row][vc_row bg_type=&#8221;image&#8221; parallax_style=&#8221;vcpb-vz-jquery&#8221; bg_image_new=&#8221;id^552|url^http:\/\/pku.com.pl\/wp-content\/uploads\/2018\/02\/slider-bg10.jpg|caption^null|alt^null|title^slider-bg10|description^null&#8221; bg_image_repeat=&#8221;no-repeat&#8221; bg_img_attach=&#8221;fixed&#8221; parallax_sense=&#8221;0&#8243; bg_override=&#8221;full&#8221; css=&#8221;.vc_custom_1518476900734{margin-top: 0px !important;margin-bottom: 0px !important;padding-top: 80px !important;padding-bottom: 80px !important;}&#8221;][vc_column]<div id=\"ultimate-heading-14069f5eef224d5e\" class=\"uvc-heading ult-adjust-bottom-margin ultimate-heading-14069f5eef224d5e uvc-4332 \" data-hspacer=\"icon_only\"  data-halign=\"center\" style=\"text-align:center\"><div class=\"uvc-heading-spacer icon_only\" style=\"margin-bottom:30px;\"><div class=\"ult-just-icon-wrapper  \"><div class=\"align-icon\" style=\"text-align:center;\">\n<div class=\"aio-icon none \"  style=\"color:#ffffff;font-size:72px;display:inline-block;\">\n\t<i class=\"Defaults-trophy\"><\/i>\n<\/div><\/div><\/div><\/div><div class=\"uvc-main-heading ult-responsive\"  data-ultimate-target='.uvc-heading.ultimate-heading-14069f5eef224d5e h2'  data-responsive-json-new='{\"font-size\":\"desktop:40px;\",\"line-height\":\"desktop:60px;\"}' ><h2 style=\"font-family:&#039;Cabin&#039;;font-weight:600;color:#ffffff;\">Co nas wyr\u00f3\u017cnia?<\/h2><\/div><\/div>[\/vc_column][\/vc_row][vc_row css=&#8221;.vc_custom_1518473967271{margin-top: 0px !important;margin-bottom: 0px !important;padding-top: 80px !important;padding-bottom: 80px !important;}&#8221;][vc_column width=&#8221;1\/3&#8243;]<div class=\"ult-content-box-container \" >\t\t<div class=\"ult-content-box\" style=\"background-color:#ffffff;box-shadow: px px px px none;border-style:solid;border-width:1px;border-color:rgba(34,34,34,0.1);padding-top:40px;padding-right:40px;padding-left:40px;margin-bottom:30px;-webkit-transition: all 700ms ease;-moz-transition: all 700ms ease;-ms-transition: all 700ms ease;-o-transition: all 700ms ease;transition: all 700ms ease;\"  data-hover_box_shadow=\"none\"  data-hover_border_color=\"rgba(34,34,34,0.1)\"    data-normal_margins=\"margin-bottom:30px;\"   data-bg=\"#ffffff\"  data-border_color=\"rgba(34,34,34,0.1)\" ><div class=\"aio-icon-component    style_1\"><div id=\"Info-box-wrap-2115\" class=\"aio-icon-box left-icon\" style=\"\"  ><div class=\"aio-icon-left\"><div class=\"ult-just-icon-wrapper  \"><div class=\"align-icon\" style=\"text-align:center;\">\n<div class=\"aio-icon none \" data-animation=\"bounceInUp\" data-animation-delay=\"03\" style=\"color:#54a4f6;font-size:42px;display:inline-block;\">\n\t<i class=\"Evatheme-Icon-Fonts-thin-0392_business_idea\"><\/i>\n<\/div><\/div><\/div><\/div><div class=\"aio-ibd-block\"><div class=\"aio-icon-header\" ><h3 class=\"aio-icon-title ult-responsive\"  data-ultimate-target='#Info-box-wrap-2115 .aio-icon-title'  data-responsive-json-new='{\"font-size\":\"desktop:20px;\",\"line-height\":\"desktop:34px;\"}'  style=\"color:#000000;\">Ludzie<\/h3><\/div> <!-- header --><div class=\"aio-icon-description ult-responsive\"  data-ultimate-target='#Info-box-wrap-2115 .aio-icon-description'  data-responsive-json-new='{\"font-size\":\"desktop:16px;\",\"line-height\":\"desktop:28px;\"}'  style=\"color:#000000;\">Wiedza i fachowo\u015b\u0107 naszych doradc\u00f3w pozwala nam dostarcza\u0107 Klientom wy\u0142\u0105cznie zindywidualizowane rozwi\u0105zania &#8211; dopasowanie oferty do potrzeb konkretnego biznesu to nasz priorytet.<\/div> <!-- description --><\/div> <!-- aio-ibd-block --><\/div> <!-- aio-icon-box --><\/div> <!-- aio-icon-component -->\t\t<\/div><\/div>[\/vc_column][vc_column width=&#8221;1\/3&#8243;]<div class=\"ult-content-box-container \" >\t\t<div class=\"ult-content-box\" style=\"background-color:#ffffff;box-shadow: px px px px none;border-style:solid;border-width:1px;border-color:rgba(34,34,34,0.1);padding-top:40px;padding-right:40px;padding-left:40px;margin-bottom:30px;-webkit-transition: all 700ms ease;-moz-transition: all 700ms ease;-ms-transition: all 700ms ease;-o-transition: all 700ms ease;transition: all 700ms ease;\"  data-hover_box_shadow=\"none\"  data-hover_border_color=\"rgba(34,34,34,0.1)\"    data-normal_margins=\"margin-bottom:30px;\"   data-bg=\"#ffffff\"  data-border_color=\"rgba(34,34,34,0.1)\" ><div class=\"aio-icon-component    style_1\"><div id=\"Info-box-wrap-7603\" class=\"aio-icon-box left-icon\" style=\"\"  ><div class=\"aio-icon-left\"><div class=\"ult-just-icon-wrapper  \"><div class=\"align-icon\" style=\"text-align:center;\">\n<div class=\"aio-icon none \" data-animation=\"bounceInUp\" data-animation-delay=\"03\" style=\"color:#54a4f6;font-size:42px;display:inline-block;\">\n\t<i class=\"Evatheme-Icon-Fonts-thin-0544_world_earth_worldwide_international_language\"><\/i>\n<\/div><\/div><\/div><\/div><div class=\"aio-ibd-block\"><div class=\"aio-icon-header\" ><h3 class=\"aio-icon-title ult-responsive\"  data-ultimate-target='#Info-box-wrap-7603 .aio-icon-title'  data-responsive-json-new='{\"font-size\":\"desktop:20px;\",\"line-height\":\"desktop:34px;\"}'  style=\"color:#000000;\">Do\u015bwiadczenie<\/h3><\/div> <!-- header --><div class=\"aio-icon-description ult-responsive\"  data-ultimate-target='#Info-box-wrap-7603 .aio-icon-description'  data-responsive-json-new='{\"font-size\":\"desktop:16px;\",\"line-height\":\"desktop:28px;\"}'  style=\"color:#000000;\">Wiemy, jakich rozwi\u0105za\u0144 ubezpieczeniowych potrzebuje du\u017cy biznes \u2013 w ramach Grupy MAK obs\u0142ugujemy ponad 1 tys. Klient\u00f3w korporacyjnych.<br \/>\n<code><\/code><\/div> <!-- description --><\/div> <!-- aio-ibd-block --><\/div> <!-- aio-icon-box --><\/div> <!-- aio-icon-component -->\t\t<\/div><\/div>[\/vc_column][vc_column width=&#8221;1\/3&#8243;]<div class=\"ult-content-box-container \" >\t\t<div class=\"ult-content-box\" style=\"background-color:#ffffff;box-shadow: px px px px none;border-style:solid;border-width:1px;border-color:rgba(34,34,34,0.1);padding-top:40px;padding-right:40px;padding-left:40px;margin-bottom:30px;-webkit-transition: all 700ms ease;-moz-transition: all 700ms ease;-ms-transition: all 700ms ease;-o-transition: all 700ms ease;transition: all 700ms ease;\"  data-hover_box_shadow=\"none\"  data-hover_border_color=\"rgba(34,34,34,0.1)\"    data-normal_margins=\"margin-bottom:30px;\"   data-bg=\"#ffffff\"  data-border_color=\"rgba(34,34,34,0.1)\" ><div class=\"aio-icon-component    style_1\"><div id=\"Info-box-wrap-4798\" class=\"aio-icon-box left-icon\" style=\"\"  ><div class=\"aio-icon-left\"><div class=\"ult-just-icon-wrapper  \"><div class=\"align-icon\" style=\"text-align:center;\">\n<div class=\"aio-icon none \" data-animation=\"bounceInUp\" data-animation-delay=\"03\" style=\"color:#54a4f6;font-size:42px;display:inline-block;\">\n\t<i class=\"Evatheme-Icon-Fonts-thin-0418_bank_pantheon\"><\/i>\n<\/div><\/div><\/div><\/div><div class=\"aio-ibd-block\"><div class=\"aio-icon-header\" ><h3 class=\"aio-icon-title ult-responsive\"  data-ultimate-target='#Info-box-wrap-4798 .aio-icon-title'  data-responsive-json-new='{\"font-size\":\"desktop:20px;\",\"line-height\":\"desktop:34px;\"}'  style=\"color:#000000;\">Stabilno\u015b\u0107<\/h3><\/div> <!-- header --><div class=\"aio-icon-description ult-responsive\"  data-ultimate-target='#Info-box-wrap-4798 .aio-icon-description'  data-responsive-json-new='{\"font-size\":\"desktop:16px;\",\"line-height\":\"desktop:28px;\"}'  style=\"color:#000000;\">Jeste\u015bmy cz\u0119\u015bci\u0105 Grupy MAK\u2013 w zakresie ubezpiecze\u0144 komunikacyjnych korzystamy z know-how i wiedzy holdingu.<br \/>\n<code><\/code><\/div> <!-- description --><\/div> <!-- aio-ibd-block --><\/div> <!-- aio-icon-box --><\/div> <!-- aio-icon-component -->\t\t<\/div><\/div>[\/vc_column][\/vc_row]<\/p>\n","protected":false},"excerpt":{"rendered":"<p>[vc_row full_width=&#8221;stretch_row_content_no_spaces&#8221;][vc_column][vc_single_image image=&#8221;1743&#8243; img_size=&#8221;full&#8221; alignment=&#8221;center&#8221;][\/vc_column][\/vc_row][vc_row full_width=&#8221;stretch_row&#8221; bg_type=&#8221;bg_color&#8221; bg_override=&#8221;full&#8221; css=&#8221;.vc_custom_1537828667016{margin-top: 0px !important;margin-bottom: 0px !important;padding-top: 0px !important;padding-bottom: 40px !important;}&#8221; bg_color_value=&#8221;#212e4e&#8221;][vc_column][\/vc_column][\/vc_row][vc_row css=&#8221;.vc_custom_1518473967271{margin-top: 0px !important;margin-bottom: 0px !important;padding-top: 80px !important;padding-bottom: 80px !important;}&#8221;][vc_column css_animation=&#8221;fadeInRight&#8221;][vc_column_text css=&#8221;.vc_custom_1538221059442{margin-top: 0px !important;padding-top: 0px !important;}&#8221;]Polska Korporacja Ubezpiecze\u0144 Sp. z o.o. obs\u0142uguje programy ubezpieczeniowe przeznaczone dla klient\u00f3w salon\u00f3w samochodowych. Nasz\u0105 domen\u0105 jest profesjonalne doradztwo w\u00a0zakresie ubezpiecze\u0144 poparte blisko [&hellip;]<\/p>\n","protected":false},"author":1,"featured_media":0,"parent":0,"menu_order":0,"comment_status":"closed","ping_status":"closed","template":"","meta":[],"yoast_head":"<!-- This site is optimized with the Yoast SEO plugin v20.7 - https:\/\/yoast.com\/wordpress\/plugins\/seo\/ -->\n<title>G\u0142\u00f3wna - Polska Korporacja Ubezpiecze\u0144<\/title>\n<meta name=\"robots\" content=\"index, follow, max-snippet:-1, max-image-preview:large, max-video-preview:-1\" \/>\n<link rel=\"canonical\" href=\"http:\/\/pku.com.pl\/\" \/>\n<meta property=\"og:locale\" content=\"en_US\" \/>\n<meta property=\"og:type\" content=\"article\" \/>\n<meta property=\"og:title\" content=\"G\u0142\u00f3wna - Polska Korporacja Ubezpiecze\u0144\" \/>\n<meta property=\"og:description\" content=\"[vc_row full_width=&#8221;stretch_row_content_no_spaces&#8221;][vc_column][vc_single_image image=&#8221;1743&#8243; img_size=&#8221;full&#8221; alignment=&#8221;center&#8221;][\/vc_column][\/vc_row][vc_row full_width=&#8221;stretch_row&#8221; bg_type=&#8221;bg_color&#8221; bg_override=&#8221;full&#8221; css=&#8221;.vc_custom_1537828667016{margin-top: 0px !important;margin-bottom: 0px !important;padding-top: 0px !important;padding-bottom: 40px !important;}&#8221; bg_color_value=&#8221;#212e4e&#8221;][vc_column][\/vc_column][\/vc_row][vc_row css=&#8221;.vc_custom_1518473967271{margin-top: 0px !important;margin-bottom: 0px !important;padding-top: 80px !important;padding-bottom: 80px !important;}&#8221;][vc_column css_animation=&#8221;fadeInRight&#8221;][vc_column_text css=&#8221;.vc_custom_1538221059442{margin-top: 0px !important;padding-top: 0px !important;}&#8221;]Polska Korporacja Ubezpiecze\u0144 Sp. z o.o. obs\u0142uguje programy ubezpieczeniowe przeznaczone dla klient\u00f3w salon\u00f3w samochodowych. Nasz\u0105 domen\u0105 jest profesjonalne doradztwo w\u00a0zakresie ubezpiecze\u0144 poparte blisko [&hellip;]\" \/>\n<meta property=\"og:url\" content=\"http:\/\/pku.com.pl\/\" \/>\n<meta property=\"og:site_name\" content=\"Polska Korporacja Ubezpiecze\u0144\" \/>\n<meta property=\"article:modified_time\" content=\"2022-10-06T10:47:24+00:00\" \/>\n<meta name=\"twitter:card\" content=\"summary_large_image\" \/>\n<meta name=\"twitter:label1\" content=\"Est. reading time\" \/>\n\t<meta name=\"twitter:data1\" content=\"6 minutes\" \/>\n<script type=\"application\/ld+json\" class=\"yoast-schema-graph\">{\"@context\":\"https:\/\/schema.org\",\"@graph\":[{\"@type\":\"WebPage\",\"@id\":\"http:\/\/pku.com.pl\/\",\"url\":\"http:\/\/pku.com.pl\/\",\"name\":\"G\u0142\u00f3wna - Polska Korporacja Ubezpiecze\u0144\",\"isPartOf\":{\"@id\":\"http:\/\/pku.com.pl\/#website\"},\"datePublished\":\"2017-11-07T21:24:36+00:00\",\"dateModified\":\"2022-10-06T10:47:24+00:00\",\"breadcrumb\":{\"@id\":\"http:\/\/pku.com.pl\/#breadcrumb\"},\"inLanguage\":\"en-US\",\"potentialAction\":[{\"@type\":\"ReadAction\",\"target\":[\"http:\/\/pku.com.pl\/\"]}]},{\"@type\":\"BreadcrumbList\",\"@id\":\"http:\/\/pku.com.pl\/#breadcrumb\",\"itemListElement\":[{\"@type\":\"ListItem\",\"position\":1,\"name\":\"Home\",\"item\":\"http:\/\/pku.com.pl\/\"},{\"@type\":\"ListItem\",\"position\":2,\"name\":\"G\u0142\u00f3wna\"}]},{\"@type\":\"WebSite\",\"@id\":\"http:\/\/pku.com.pl\/#website\",\"url\":\"http:\/\/pku.com.pl\/\",\"name\":\"Polska Korporacja Ubezpiecze\u0144\",\"description\":\"Polska Korporacja Ubezpiecze\u0144 Sp. z o.o.\",\"potentialAction\":[{\"@type\":\"SearchAction\",\"target\":{\"@type\":\"EntryPoint\",\"urlTemplate\":\"http:\/\/pku.com.pl\/?s={search_term_string}\"},\"query-input\":\"required name=search_term_string\"}],\"inLanguage\":\"en-US\"}]}<\/script>\n<!-- \/ Yoast SEO plugin. -->","yoast_head_json":{"title":"G\u0142\u00f3wna - Polska Korporacja Ubezpiecze\u0144","robots":{"index":"index","follow":"follow","max-snippet":"max-snippet:-1","max-image-preview":"max-image-preview:large","max-video-preview":"max-video-preview:-1"},"canonical":"http:\/\/pku.com.pl\/","og_locale":"en_US","og_type":"article","og_title":"G\u0142\u00f3wna - Polska Korporacja Ubezpiecze\u0144","og_description":"[vc_row full_width=&#8221;stretch_row_content_no_spaces&#8221;][vc_column][vc_single_image image=&#8221;1743&#8243; img_size=&#8221;full&#8221; alignment=&#8221;center&#8221;][\/vc_column][\/vc_row][vc_row full_width=&#8221;stretch_row&#8221; bg_type=&#8221;bg_color&#8221; bg_override=&#8221;full&#8221; css=&#8221;.vc_custom_1537828667016{margin-top: 0px !important;margin-bottom: 0px !important;padding-top: 0px !important;padding-bottom: 40px !important;}&#8221; bg_color_value=&#8221;#212e4e&#8221;][vc_column][\/vc_column][\/vc_row][vc_row css=&#8221;.vc_custom_1518473967271{margin-top: 0px !important;margin-bottom: 0px !important;padding-top: 80px !important;padding-bottom: 80px !important;}&#8221;][vc_column css_animation=&#8221;fadeInRight&#8221;][vc_column_text css=&#8221;.vc_custom_1538221059442{margin-top: 0px !important;padding-top: 0px !important;}&#8221;]Polska Korporacja Ubezpiecze\u0144 Sp. z o.o. obs\u0142uguje programy ubezpieczeniowe przeznaczone dla klient\u00f3w salon\u00f3w samochodowych. Nasz\u0105 domen\u0105 jest profesjonalne doradztwo w\u00a0zakresie ubezpiecze\u0144 poparte blisko [&hellip;]","og_url":"http:\/\/pku.com.pl\/","og_site_name":"Polska Korporacja Ubezpiecze\u0144","article_modified_time":"2022-10-06T10:47:24+00:00","twitter_card":"summary_large_image","twitter_misc":{"Est. reading time":"6 minutes"},"schema":{"@context":"https:\/\/schema.org","@graph":[{"@type":"WebPage","@id":"http:\/\/pku.com.pl\/","url":"http:\/\/pku.com.pl\/","name":"G\u0142\u00f3wna - Polska Korporacja Ubezpiecze\u0144","isPartOf":{"@id":"http:\/\/pku.com.pl\/#website"},"datePublished":"2017-11-07T21:24:36+00:00","dateModified":"2022-10-06T10:47:24+00:00","breadcrumb":{"@id":"http:\/\/pku.com.pl\/#breadcrumb"},"inLanguage":"en-US","potentialAction":[{"@type":"ReadAction","target":["http:\/\/pku.com.pl\/"]}]},{"@type":"BreadcrumbList","@id":"http:\/\/pku.com.pl\/#breadcrumb","itemListElement":[{"@type":"ListItem","position":1,"name":"Home","item":"http:\/\/pku.com.pl\/"},{"@type":"ListItem","position":2,"name":"G\u0142\u00f3wna"}]},{"@type":"WebSite","@id":"http:\/\/pku.com.pl\/#website","url":"http:\/\/pku.com.pl\/","name":"Polska Korporacja Ubezpiecze\u0144","description":"Polska Korporacja Ubezpiecze\u0144 Sp. z o.o.","potentialAction":[{"@type":"SearchAction","target":{"@type":"EntryPoint","urlTemplate":"http:\/\/pku.com.pl\/?s={search_term_string}"},"query-input":"required name=search_term_string"}],"inLanguage":"en-US"}]}},"_links":{"self":[{"href":"http:\/\/pku.com.pl\/index.php?rest_route=\/wp\/v2\/pages\/1521"}],"collection":[{"href":"http:\/\/pku.com.pl\/index.php?rest_route=\/wp\/v2\/pages"}],"about":[{"href":"http:\/\/pku.com.pl\/index.php?rest_route=\/wp\/v2\/types\/page"}],"author":[{"embeddable":true,"href":"http:\/\/pku.com.pl\/index.php?rest_route=\/wp\/v2\/users\/1"}],"replies":[{"embeddable":true,"href":"http:\/\/pku.com.pl\/index.php?rest_route=%2Fwp%2Fv2%2Fcomments&post=1521"}],"version-history":[{"count":85,"href":"http:\/\/pku.com.pl\/index.php?rest_route=\/wp\/v2\/pages\/1521\/revisions"}],"predecessor-version":[{"id":1744,"href":"http:\/\/pku.com.pl\/index.php?rest_route=\/wp\/v2\/pages\/1521\/revisions\/1744"}],"wp:attachment":[{"href":"http:\/\/pku.com.pl\/index.php?rest_route=%2Fwp%2Fv2%2Fmedia&parent=1521"}],"curies":[{"name":"wp","href":"https:\/\/api.w.org\/{rel}","templated":true}]}}